{"id":243426,"date":"2021-05-15T16:39:23","date_gmt":"2021-05-15T16:39:23","guid":{"rendered":"https:\/\/www.zirveyiz.biz\/?page_id=243426"},"modified":"2021-05-16T05:41:56","modified_gmt":"2021-05-16T05:41:56","slug":"rumen-protected-by-pass-fats-megalac-mega-fat-volac-wilmar","status":"publish","type":"page","link":"https:\/\/www.zirveyiz.biz\/en\/rumen-protected-by-pass-fats-megalac-mega-fat-volac-wilmar\/","title":{"rendered":"Rumen Protected By-Pass Fats Megalac Mega-fat Volac Wilmar"},"content":{"rendered":"<p>[et_pb_section fb_built=&#8221;1&#8243; _builder_version=&#8221;4.9.0&#8243; _module_preset=&#8221;default&#8221; custom_padding=&#8221;46px||0px|||&#8221;][et_pb_row _builder_version=&#8221;4.9.0&#8243; _module_preset=&#8221;default&#8221; custom_padding=&#8221;||13px|||&#8221;][et_pb_column type=&#8221;4_4&#8243; _builder_version=&#8221;4.9.0&#8243; _module_preset=&#8221;default&#8221;][et_pb_image src=&#8221;https:\/\/www.zirveyiz.biz\/wp-content\/uploads\/2021\/01\/bags-1024&#215;769-1-e1611476370333.png&#8221; _builder_version=&#8221;4.9.0&#8243; _module_preset=&#8221;default&#8221; alt=&#8221;Volac Wilmar&#8217;dan Megalac Mega-Fat \u0130\u015fkembede korunan ya\u011flar&#8221; title_text=&#8221;Megalac Mega-ya\u011f korumal\u0131 ya\u011flar Volac Wilmar&#8221; align=&#8221;center&#8221; hover_enabled=&#8221;0&#8243; sticky_enabled=&#8221;0&#8243;][\/et_pb_image][\/et_pb_column][\/et_pb_row][\/et_pb_section][et_pb_section fb_built=&#8221;1&#8243; _builder_version=&#8221;4.9.0&#8243; _module_preset=&#8221;default&#8221; custom_padding=&#8221;0px|||||&#8221;][et_pb_row _builder_version=&#8221;4.9.0&#8243; _module_preset=&#8221;default&#8221; custom_padding=&#8221;6px|||||&#8221;][et_pb_column type=&#8221;4_4&#8243; _builder_version=&#8221;4.9.0&#8243; _module_preset=&#8221;default&#8221;][et_pb_image src=&#8221;https:\/\/www.zirveyiz.biz\/wp-content\/uploads\/2021\/03\/logos_volac_wilmar.jpg&#8221; _builder_version=&#8221;4.9.0&#8243; _module_preset=&#8221;default&#8221; alt=&#8221;Volac Wilmar Turkiye&#8221; title_text=&#8221;Volac Wilmar Turkiye&#8221; align=&#8221;center&#8221; hover_enabled=&#8221;0&#8243; sticky_enabled=&#8221;0&#8243;][\/et_pb_image][dsm_dual_heading before_text=&#8221;Rumen Protected Fats &#8221; middle_text=&#8221; What are they and why are they important?&#8221; _builder_version=&#8221;4.9.0&#8243; _module_preset=&#8221;default&#8221; header_font_size=&#8221;31px&#8221; text_orientation=&#8221;center&#8221;][\/dsm_dual_heading][et_pb_text _builder_version=&#8221;4.9.0&#8243; _module_preset=&#8221;default&#8221; text_font_size=&#8221;21px&#8221; text_orientation=&#8221;center&#8221;]<\/p>\n<p>Animals need fat as part of a balanced diet with other nutrients.<\/p>\n<p> Fat is the highest energy nutrient available (around 2.5 times higher than cereals).<\/p>\n<p>Diets based on forage and cereals may only have around 3.5% fat, but requirements are much higher.<\/p>\n<p>Liquid oils or high-oil by-products lead to an \u2018oil slick\u2019 in the rumen.<\/p>\n<p>The sticky oil physically coats the fibre particles.<\/p>\n<p>[\/et_pb_text][dsm_text_notation notation_text=&#8221;More fat = More energy and essential nutrients = More efficient animals!&#8221; notation_type=&#8221;box&#8221; notation_color=&#8221;#000000&#8243; notation_background_color=&#8221;#EDF000&#8243; _builder_version=&#8221;4.9.0&#8243; _module_preset=&#8221;default&#8221; notation_text_color=&#8221;#000000&#8243; notation_font_size=&#8221;24px&#8221; text_orientation=&#8221;center&#8221;][\/dsm_text_notation][\/et_pb_column][\/et_pb_row][et_pb_row _builder_version=&#8221;4.9.0&#8243; _module_preset=&#8221;default&#8221;][et_pb_column type=&#8221;4_4&#8243; _builder_version=&#8221;4.9.0&#8243; _module_preset=&#8221;default&#8221;][et_pb_video src=&#8221;https:\/\/youtu.be\/zZkiLSvip5M&#8221; image_src=&#8221;https:\/\/www.zirveyiz.biz\/wp-content\/uploads\/2021\/05\/Screenshot-2021-05-15-at-18.56.12.png&#8221; _builder_version=&#8221;4.9.0&#8243; _module_preset=&#8221;default&#8221; border_radii=&#8221;on|25px|25px|25px|25px&#8221; border_width_all=&#8221;2px&#8221; border_style_all=&#8221;dashed&#8221;][\/et_pb_video][\/et_pb_column][\/et_pb_row][et_pb_row _builder_version=&#8221;4.9.0&#8243; _module_preset=&#8221;default&#8221;][et_pb_column type=&#8221;4_4&#8243; _builder_version=&#8221;4.9.0&#8243; _module_preset=&#8221;default&#8221;][dsm_dual_heading before_text=&#8221;By-pass fats &#8221; middle_text=&#8221;How does it work?&#8221; _builder_version=&#8221;4.9.0&#8243; _module_preset=&#8221;default&#8221; header_font_size=&#8221;31px&#8221; text_orientation=&#8221;center&#8221;][\/dsm_dual_heading][et_pb_text _builder_version=&#8221;4.9.0&#8243; _module_preset=&#8221;default&#8221; text_font_size=&#8221;21px&#8221; text_orientation=&#8221;center&#8221; custom_margin=&#8221;||20px|||&#8221;]<\/p>\n<p class=\"p1\">Calcium salt granules, like Megalac, are insoluble in the rumen and allow key unsaturated fatty acids (such as oleic acid; C18:1) to pass through to the small intestine for digestion and use by the animal.<span class=\"Apple-converted-space\">\u00a0<\/span><\/p>\n<p class=\"p1\"><span class=\"Apple-converted-space\"><\/span><\/p>\n<p>[\/et_pb_text][et_pb_text _builder_version=&#8221;4.9.0&#8243; _module_preset=&#8221;default&#8221; text_font_size=&#8221;21px&#8221; text_orientation=&#8221;center&#8221;]<\/p>\n<p class=\"p1\">Fat prills, like Mega-Fat 88, have melting points higher than rumen temperature so they remain solid and pass to the small intestine for digestion.<\/p>\n<p class=\"p1\">Great sources of milk fat-boosting palmitic acid (C16:0) for the animal.<\/p>\n<p class=\"p1\"><span class=\"Apple-converted-space\"><\/span><\/p>\n<p>[\/et_pb_text][et_pb_image src=&#8221;https:\/\/www.zirveyiz.biz\/wp-content\/uploads\/2021\/03\/logos_volac_wilmar.jpg&#8221; _builder_version=&#8221;4.9.0&#8243; _module_preset=&#8221;default&#8221; alt=&#8221;Volac Wilmar Turkiye&#8221; title_text=&#8221;Volac Wilmar Turkiye&#8221; hover_enabled=&#8221;0&#8243; sticky_enabled=&#8221;0&#8243; align=&#8221;center&#8221; custom_padding=&#8221;43px|||||&#8221;][\/et_pb_image][\/et_pb_column][\/et_pb_row][et_pb_row column_structure=&#8221;1_2,1_2&#8243; _builder_version=&#8221;4.9.0&#8243; _module_preset=&#8221;default&#8221; custom_padding=&#8221;32px|||||&#8221;][et_pb_column type=&#8221;1_2&#8243; _builder_version=&#8221;4.9.0&#8243; _module_preset=&#8221;default&#8221;][et_pb_image src=&#8221;https:\/\/www.zirveyiz.biz\/wp-content\/uploads\/2021\/01\/megafat_1-7.jpg&#8221; alt=&#8221;Mega-Fat&#8221; title_text=&#8221;Mega-Fat&#8221; _builder_version=&#8221;4.9.0&#8243; _module_preset=&#8221;default&#8221;][\/et_pb_image][\/et_pb_column][et_pb_column type=&#8221;1_2&#8243; _builder_version=&#8221;4.9.0&#8243; _module_preset=&#8221;default&#8221;][et_pb_image src=&#8221;https:\/\/www.zirveyiz.biz\/wp-content\/uploads\/2021\/01\/megalac-9.jpeg&#8221; alt=&#8221;Megalac&#8221; title_text=&#8221;Megalac&#8221; _builder_version=&#8221;4.9.0&#8243; _module_preset=&#8221;default&#8221;][\/et_pb_image][\/et_pb_column][\/et_pb_row][et_pb_row _builder_version=&#8221;4.9.0&#8243; _module_preset=&#8221;default&#8221;][et_pb_column type=&#8221;4_4&#8243; _builder_version=&#8221;4.9.0&#8243; _module_preset=&#8221;default&#8221;][dsm_dual_heading before_text=&#8221; The sticky oil coats the fibre particles &#8221; middle_text=&#8221;Why does this matter?&#8221; _builder_version=&#8221;4.9.0&#8243; _module_preset=&#8221;default&#8221; header_font_size=&#8221;31px&#8221; text_orientation=&#8221;center&#8221;][\/dsm_dual_heading][et_pb_text _builder_version=&#8221;4.9.0&#8243; _module_preset=&#8221;default&#8221; text_font_size=&#8221;21px&#8221; text_orientation=&#8221;center&#8221;]<\/p>\n<p>This reduces fibre digestibility and milk fat.<\/p>\n<p>Fats are composed of different fatty acid building blocks.<\/p>\n<p>The fatty acids present in these oils kill fibre-digesting rumen bacteria, further reducing fibre digestion.<\/p>\n<p>Fatty acids in feed can also be converted into different fatty acids in the rumen. <\/p>\n<p>Which causes milk fat depression.<\/p>\n<p>[\/et_pb_text][\/et_pb_column][\/et_pb_row][\/et_pb_section]<\/p>\n","protected":false},"excerpt":{"rendered":"<p><div class=\"et_pb_module dsm_dual_heading dsm_dual_heading_0  et_pb_text_align_center et_pb_bg_layout_light\">\n\t\t\t\t\n\t\t\t\t\n\t\t\t\t\n\t\t\t\t\n\t\t\t\t\n\t\t\t\t\n\t\t\t\t<div class=\"et_pb_module_inner\">\n\t\t\t\t\t<h2 class=\"dsm-dual-heading-main et_pb_module_header\"><span class=\"dsm-dual-heading-before\">Rumen Protected Fats <\/span><span class=\"dsm-dual-heading-middle\"> What are they and why are they important?<\/span><\/h2>\n\t\t\t\t<\/div>\n\t\t\t<\/div>Animals need fat as part of a balanced diet with other nutrients. Fat is the highest energy nutrient available (around 2.5 times higher than cereals). Diets based on forage and cereals may only have around 3.5% fat, but [&hellip;]<\/p>\n","protected":false},"author":1,"featured_media":243427,"parent":0,"menu_order":0,"comment_status":"closed","ping_status":"closed","template":"","meta":{"_et_pb_use_builder":"on","_et_pb_old_content":"","_et_gb_content_width":"","footnotes":""},"amp_enabled":true,"_links":{"self":[{"href":"https:\/\/www.zirveyiz.biz\/en\/wp-json\/wp\/v2\/pages\/243426"}],"collection":[{"href":"https:\/\/www.zirveyiz.biz\/en\/wp-json\/wp\/v2\/pages"}],"about":[{"href":"https:\/\/www.zirveyiz.biz\/en\/wp-json\/wp\/v2\/types\/page"}],"author":[{"embeddable":true,"href":"https:\/\/www.zirveyiz.biz\/en\/wp-json\/wp\/v2\/users\/1"}],"replies":[{"embeddable":true,"href":"https:\/\/www.zirveyiz.biz\/en\/wp-json\/wp\/v2\/comments?post=243426"}],"version-history":[{"count":15,"href":"https:\/\/www.zirveyiz.biz\/en\/wp-json\/wp\/v2\/pages\/243426\/revisions"}],"predecessor-version":[{"id":243501,"href":"https:\/\/www.zirveyiz.biz\/en\/wp-json\/wp\/v2\/pages\/243426\/revisions\/243501"}],"wp:featuredmedia":[{"embeddable":true,"href":"https:\/\/www.zirveyiz.biz\/en\/wp-json\/wp\/v2\/media\/243427"}],"wp:attachment":[{"href":"https:\/\/www.zirveyiz.biz\/en\/wp-json\/wp\/v2\/media?parent=243426"}],"curies":[{"name":"wp","href":"https:\/\/api.w.org\/{rel}","templated":true}]}}