{"id":243874,"date":"2021-10-27T18:53:44","date_gmt":"2021-10-27T18:53:44","guid":{"rendered":"https:\/\/www.zirveyiz.biz\/?page_id=243874"},"modified":"2024-05-13T09:29:36","modified_gmt":"2024-05-13T09:29:36","slug":"boumatic-herringbone-milking-parlour","status":"publish","type":"page","link":"https:\/\/www.zirveyiz.biz\/en\/boumatic\/boumatic-herringbone-milking-parlour\/","title":{"rendered":"Boumatic Herringbone Milking Parlour"},"content":{"rendered":"<p>[et_pb_section fb_built=&#8221;1&#8243; admin_label=&#8221;Hero&#8221; _builder_version=&#8221;4.16&#8243; _module_preset=&#8221;default&#8221; custom_padding=&#8221;0px|0px|68px|0px||&#8221; top_divider_color=&#8221;#FFFFFF&#8221; top_divider_height=&#8221;147px&#8221; top_divider_repeat=&#8221;2x&#8221; top_divider_flip=&#8221;horizontal&#8221; top_divider_arrangement=&#8221;above_content&#8221; animation_style=&#8221;zoom&#8221; animation_intensity_zoom=&#8221;4%&#8221; locked=&#8221;off&#8221; global_colors_info=&#8221;{}&#8221;][et_pb_row column_structure=&#8221;1_2,1_2&#8243; use_custom_gutter=&#8221;on&#8221; gutter_width=&#8221;1&#8243; make_equal=&#8221;on&#8221; disabled_on=&#8221;off|off|off&#8221; module_class=&#8221; et_pb_row_fullwidth&#8221; _builder_version=&#8221;4.16&#8243; _module_preset=&#8221;default&#8221; background_color=&#8221;#fcd21d&#8221; background_enable_image=&#8221;off&#8221; width=&#8221;100%&#8221; width_tablet=&#8221;100%&#8221; width_phone=&#8221;&#8221; width_last_edited=&#8221;on|tablet&#8221; max_width=&#8221;100%&#8221; max_width_tablet=&#8221;100%&#8221; max_width_phone=&#8221;&#8221; max_width_last_edited=&#8221;on|desktop&#8221; custom_padding=&#8221;0px||0px|&#8221; animation_style=&#8221;slide&#8221; animation_direction=&#8221;top&#8221; animation_intensity_slide=&#8221;3%&#8221; make_fullwidth=&#8221;on&#8221; global_colors_info=&#8221;{}&#8221; custom_css_before_last_edited=&#8221;on|desktop&#8221;][et_pb_column type=&#8221;1_2&#8243; _builder_version=&#8221;4.16&#8243; _module_preset=&#8221;default&#8221; background_color=&#8221;#0172b7&#8243; custom_padding=&#8221;10%|8%|10%|8%&#8221; global_colors_info=&#8221;{}&#8221; custom_padding__hover=&#8221;|||&#8221; custom_css_main_element_last_edited=&#8221;on|tablet&#8221; custom_css_main_element_phone=&#8221;order: 1;&#8221;][et_pb_text _builder_version=&#8221;4.16&#8243; _module_preset=&#8221;default&#8221; text_font=&#8221;Montserrat|600||on|||||&#8221; text_text_color=&#8221;#FFFFFF&#8221; text_font_size=&#8221;13px&#8221; text_letter_spacing=&#8221;3px&#8221; custom_margin=&#8221;||45px|&#8221; animation_style=&#8221;slide&#8221; animation_direction=&#8221;bottom&#8221; text_font_size_tablet=&#8221;&#8221; text_font_size_phone=&#8221;8px&#8221; text_font_size_last_edited=&#8221;on|phone&#8221; locked=&#8221;off&#8221; global_colors_info=&#8221;{}&#8221;]<\/p>\n<p><span>The life of your dairy begins with milking cows gently, quickly and completely.\u00a0<\/span><\/p>\n<p>[\/et_pb_text][et_pb_text _builder_version=&#8221;4.16&#8243; _module_preset=&#8221;default&#8221; text_font=&#8221;|||on|||||&#8221; header_font=&#8221;Montserrat|700||||on|||&#8221; header_text_color=&#8221;#f7f7f7&#8243; header_font_size=&#8221;50px&#8221; header_line_height=&#8221;1.3em&#8221; custom_margin=&#8221;||11px|||&#8221; animation_style=&#8221;fade&#8221; text_font_size_tablet=&#8221;&#8221; text_font_size_phone=&#8221;&#8221; text_font_size_last_edited=&#8221;on|desktop&#8221; header_font_size_tablet=&#8221;32px&#8221; header_font_size_phone=&#8221;25px&#8221; header_font_size_last_edited=&#8221;on|phone&#8221; text_text_shadow_style=&#8221;preset5&#8243; text_text_shadow_horizontal_length=&#8221;0.19em&#8221; text_text_shadow_vertical_length=&#8221;0.44em&#8221; locked=&#8221;off&#8221; global_colors_info=&#8221;{}&#8221;]<\/p>\n<h1><span style=\"color: #008000;\"><span style=\"color: #ffffff;\">BOUMATIC <\/span><span style=\"color: #ffffff;\"><span color=\"#e09900\" style=\"color: #e09900;\">HERRINGBONE<\/span><\/span><\/span><span style=\"color: #008000;\"><span style=\"color: #ffffff;\">\u00a0<br \/><span style=\"color: #e99102;\">MILKING<\/span><\/span><br \/> <\/span><\/h1>\n<p>[\/et_pb_text][et_pb_text _builder_version=&#8221;4.16&#8243; _module_preset=&#8221;default&#8221; text_font=&#8221;|||on|||||&#8221; header_font=&#8221;Montserrat|700||||on|||&#8221; header_text_color=&#8221;#f7f7f7&#8243; header_font_size=&#8221;50px&#8221; header_line_height=&#8221;1.3em&#8221; custom_margin=&#8221;||11px|||&#8221; animation_style=&#8221;fade&#8221; text_font_size_tablet=&#8221;&#8221; text_font_size_phone=&#8221;&#8221; text_font_size_last_edited=&#8221;on|desktop&#8221; header_font_size_tablet=&#8221;32px&#8221; header_font_size_phone=&#8221;25px&#8221; header_font_size_last_edited=&#8221;on|phone&#8221; text_text_shadow_style=&#8221;preset5&#8243; text_text_shadow_horizontal_length=&#8221;0.19em&#8221; text_text_shadow_vertical_length=&#8221;0.44em&#8221; locked=&#8221;off&#8221; global_colors_info=&#8221;{}&#8221;]<\/p>\n<h1><span style=\"color: #008000;\"><span style=\"color: #ffffff;\">PARLOURS<\/span><br \/> <\/span><\/h1>\n<p>[\/et_pb_text][et_pb_text _builder_version=&#8221;4.16&#8243; _module_preset=&#8221;default&#8221; text_font=&#8221;Montserrat||||&#8221; text_text_color=&#8221;#FFFFFF&#8221; text_font_size=&#8221;13px&#8221; text_line_height=&#8221;1.8em&#8221; header_font=&#8221;||||||||&#8221; custom_margin=&#8221;||50px|&#8221; animation_style=&#8221;slide&#8221; animation_direction=&#8221;top&#8221; animation_intensity_slide=&#8221;17%&#8221; text_text_color_tablet=&#8221;&#8221; text_text_color_phone=&#8221;&#8221; text_text_color_last_edited=&#8221;on|phone&#8221; text_font_size_tablet=&#8221;18px&#8221; text_font_size_phone=&#8221;15px&#8221; text_font_size_last_edited=&#8221;on|desktop&#8221; locked=&#8221;off&#8221; global_colors_info=&#8221;{}&#8221;]<\/p>\n<h5><span style=\"color: #ffffff;\">We work with you to get the best results on your farm.<\/span><\/h5>\n<p>[\/et_pb_text][\/et_pb_column][et_pb_column type=&#8221;1_2&#8243; _builder_version=&#8221;4.16&#8243; _module_preset=&#8221;default&#8221; background_color=&#8221;#d39329&#8243; custom_padding=&#8221;10%|8%|10%|8%&#8221; global_colors_info=&#8221;{}&#8221; custom_padding__hover=&#8221;|||&#8221; custom_css_main_element_last_edited=&#8221;on|tablet&#8221; custom_css_main_element_phone=&#8221;order: 1;&#8221;][et_pb_image src=&#8221;https:\/\/www.zirveyiz.biz\/wp-content\/uploads\/2021\/10\/herringbone_parlor_no_text-1.jpg&#8221; alt=&#8221;Bal\u0131k k\u0131l\u00e7\u0131\u011f\u0131 s\u00fct sa\u011f\u0131m sistemi, Boumatic T\u00fcrkiye&#8221; title_text=&#8221;Bal\u0131k k\u0131l\u00e7\u0131\u011f\u0131 s\u00fct sa\u011f\u0131m sistemi, Boumatic T\u00fcrkiye&#8221; align=&#8221;center&#8221; _builder_version=&#8221;4.16&#8243; _module_preset=&#8221;default&#8221; global_colors_info=&#8221;{}&#8221;][\/et_pb_image][\/et_pb_column][\/et_pb_row][et_pb_row _builder_version=&#8221;4.16&#8243; _module_preset=&#8221;default&#8221; global_colors_info=&#8221;{}&#8221;][et_pb_column type=&#8221;4_4&#8243; _builder_version=&#8221;4.16&#8243; _module_preset=&#8221;default&#8221; global_colors_info=&#8221;{}&#8221;][dsm_breadcrumbs show_home_icon=&#8221;off&#8221; _builder_version=&#8221;4.16&#8243; _module_preset=&#8221;default&#8221; global_colors_info=&#8221;{}&#8221;][\/dsm_breadcrumbs][\/et_pb_column][\/et_pb_row][et_pb_row module_id=&#8221;top&#8221; _builder_version=&#8221;4.16&#8243; _module_preset=&#8221;default&#8221; custom_padding=&#8221;136px|||||&#8221; global_colors_info=&#8221;{}&#8221;][et_pb_column type=&#8221;4_4&#8243; _builder_version=&#8221;4.16&#8243; _module_preset=&#8221;default&#8221; global_colors_info=&#8221;{}&#8221;][et_pb_text admin_label=&#8221;Title&#8221; _builder_version=&#8221;4.16&#8243; _module_preset=&#8221;default&#8221; text_font=&#8221;Montserrat||||||||&#8221; text_text_color=&#8221;#747d88&#8243; text_font_size=&#8221;16px&#8221; text_line_height=&#8221;1.9em&#8221; header_font=&#8221;||||||||&#8221; header_2_font=&#8221;Montserrat|700||on|||||&#8221; header_2_font_size=&#8221;42px&#8221; header_2_line_height=&#8221;1.3em&#8221; text_orientation=&#8221;center&#8221; max_width=&#8221;700px&#8221; module_alignment=&#8221;center&#8221; animation_style=&#8221;slide&#8221; animation_direction=&#8221;bottom&#8221; animation_intensity_slide=&#8221;4%&#8221; locked=&#8221;off&#8221; global_colors_info=&#8221;{}&#8221;]<\/p>\n<h2><span style=\"color: #800000;\">HERRINGBONE<br \/><\/span>\u00a0 milking parlours<\/h2>\n<p>[\/et_pb_text][dsm_star_rating star_alignment=&#8221;center&#8221; stars_gap=&#8221;18px&#8221; _builder_version=&#8221;4.24.2&#8243; _module_preset=&#8221;default&#8221; custom_margin=&#8221;-19px||||false|false&#8221; hover_enabled=&#8221;0&#8243; locked=&#8221;off&#8221; global_colors_info=&#8221;{}&#8221; rating_scale=&#8221;10&#8243; rating=&#8221;10&#8243; sticky_enabled=&#8221;0&#8243;][\/dsm_star_rating][et_pb_text admin_label=&#8221;Subtitle&#8221; _builder_version=&#8221;4.16&#8243; _module_preset=&#8221;default&#8221; text_font=&#8221;Montserrat||||&#8221; text_text_color=&#8221;#747d88&#8243; text_font_size=&#8221;16px&#8221; text_line_height=&#8221;1.8em&#8221; header_font=&#8221;||||||||&#8221; text_orientation=&#8221;center&#8221; module_alignment=&#8221;center&#8221; custom_margin=&#8221;|||&#8221; animation_style=&#8221;slide&#8221; animation_direction=&#8221;bottom&#8221; animation_delay=&#8221;100ms&#8221; animation_intensity_slide=&#8221;4%&#8221; locked=&#8221;off&#8221; global_colors_info=&#8221;{}&#8221;]<\/p>\n<p><span>BouMatic can supply the most suitable, automated milking system for any milking parlour. Choose from four\u00a0<\/span><a href=\"#\">rotary parlours<\/a><span>, or maximise cow traffic flows and comfort with a\u00a0<\/span><a href=\"https:\/\/www.zirveyiz.biz\/en\/boumatic\/boumatic-parallel-milking-parlour\/\">parallel parlour<\/a><span>.\u00a0<\/span><a href=\"https:\/\/www.zirveyiz.biz\/en\/boumatic\/boumatic-herringbone-milking-parlour\/\">Herringbone<\/a><span>,\u00a0<\/span>parabone<span>\u00a0and\u00a0<\/span><strong>swingover<\/strong><span>\u00a0milking parlours are other options. BouMatic\u2019s\u00a0<\/span><strong>crowd gates<\/strong><span>, mobile\u00a0<\/span><strong>HandyFloor<\/strong><span>\u00a0and\u00a0<\/span><strong>sorting systems<\/strong><span>\u00a0make milking even easier.<\/span><\/p>\n<p>[\/et_pb_text][\/et_pb_column][\/et_pb_row][et_pb_row module_id=&#8221;xpressway&#8221; _builder_version=&#8221;4.16&#8243; _module_preset=&#8221;default&#8221; custom_padding=&#8221;136px|||||&#8221; locked=&#8221;off&#8221; collapsed=&#8221;on&#8221; global_colors_info=&#8221;{}&#8221;][et_pb_column type=&#8221;4_4&#8243; _builder_version=&#8221;4.16&#8243; _module_preset=&#8221;default&#8221; global_colors_info=&#8221;{}&#8221;][et_pb_text admin_label=&#8221;Title&#8221; _builder_version=&#8221;4.16&#8243; _module_preset=&#8221;default&#8221; text_font=&#8221;Montserrat||||||||&#8221; text_text_color=&#8221;#747d88&#8243; text_font_size=&#8221;16px&#8221; text_line_height=&#8221;1.9em&#8221; header_font=&#8221;||||||||&#8221; header_2_font=&#8221;Montserrat|700||on|||||&#8221; header_2_font_size=&#8221;42px&#8221; header_2_line_height=&#8221;1.3em&#8221; text_orientation=&#8221;center&#8221; max_width=&#8221;700px&#8221; module_alignment=&#8221;center&#8221; animation_style=&#8221;slide&#8221; animation_direction=&#8221;bottom&#8221; animation_intensity_slide=&#8221;4%&#8221; locked=&#8221;off&#8221; global_colors_info=&#8221;{}&#8221;]<\/p>\n<h1>HD2<\/h1>\n<p>[\/et_pb_text][et_pb_text admin_label=&#8221;Subtitle&#8221; _builder_version=&#8221;4.16&#8243; _module_preset=&#8221;default&#8221; text_font=&#8221;Montserrat||||&#8221; text_text_color=&#8221;#747d88&#8243; text_font_size=&#8221;16px&#8221; text_line_height=&#8221;1.8em&#8221; header_font=&#8221;||||||||&#8221; text_orientation=&#8221;center&#8221; module_alignment=&#8221;center&#8221; custom_margin=&#8221;|||&#8221; animation_style=&#8221;slide&#8221; animation_direction=&#8221;bottom&#8221; animation_delay=&#8221;100ms&#8221; animation_intensity_slide=&#8221;4%&#8221; locked=&#8221;off&#8221; global_colors_info=&#8221;{}&#8221;]<\/p>\n<p><strong>DESIGNED FOR PERFECT VISIBILITY OF THE UDDER<\/strong><\/p>\n<p style=\"text-align: left;\">The HD2 offers all the advantages of the best herringbone stall systems in an economical parlour solution. The 115 cm (45\u201d) <strong>stall spacing allows gentle cow positioning with a good visibility of the udders<\/strong> to ensure efficient milking from the side.<\/p>\n<p style=\"text-align: left;\">The HD2 is also available with <strong>rapid exit system.<\/strong><\/p>\n<p>[\/et_pb_text][et_pb_image src=&#8221;https:\/\/www.zirveyiz.biz\/wp-content\/uploads\/2021\/10\/HD2_MED_1080X568.jpg&#8221; alt=&#8221;Herringbone Bal\u0131k k\u0131l\u00e7\u0131\u011f\u0131 s\u00fct sa\u011f\u0131m sistemi, Boumatic T\u00fcrkiye&#8221; title_text=&#8221;HD2_MED_1080X568&#8243; _builder_version=&#8221;4.16&#8243; _module_preset=&#8221;default&#8221; global_colors_info=&#8221;{}&#8221;][\/et_pb_image][et_pb_toggle title=&#8221;ROBUST BOLTED CONSTRUCTION&#8221; open=&#8221;on&#8221; open_toggle_text_color=&#8221;#00457A&#8221; _builder_version=&#8221;4.16&#8243; _module_preset=&#8221;default&#8221; title_text_color=&#8221;#0C71C3&#8243; locked=&#8221;off&#8221; global_colors_info=&#8221;{}&#8221;]<\/p>\n<p>Quick and economical installation<br \/> Herringbone milking in a rugged parlour with 60 mm (2\u201d) rails<br \/> Available in sizes <strong>2&#215;3<\/strong> to <strong>2&#215;12<\/strong><\/p>\n<p>[\/et_pb_toggle][et_pb_toggle title=&#8221;COMPACT FOOTPRINT&#8221; open=&#8221;on&#8221; open_toggle_text_color=&#8221;#00457A&#8221; _builder_version=&#8221;4.16&#8243; _module_preset=&#8221;default&#8221; title_text_color=&#8221;#00457A&#8221; locked=&#8221;off&#8221; global_colors_info=&#8221;{}&#8221;]<\/p>\n<p>This stall system can be installed in many existing buildings (not more than 5 meters)<\/p>\n<p>[\/et_pb_toggle][et_pb_toggle title=&#8221;IMPROVED PRODUCTIVITY&#8221; open=&#8221;on&#8221; open_toggle_text_color=&#8221;#00457A&#8221; _builder_version=&#8221;4.16&#8243; _module_preset=&#8221;default&#8221; title_text_color=&#8221;#00457A&#8221; locked=&#8221;off&#8221; global_colors_info=&#8221;{}&#8221;]<\/p>\n<p>The open exit design allows for excellent cow traffic and throughput. Open space without divider gates for rapid cow traffic.<\/p>\n<p>[\/et_pb_toggle][et_pb_toggle title=&#8221;COW-FRIENDLY RUMP PANELS&#8221; open=&#8221;on&#8221; open_toggle_text_color=&#8221;#00457A&#8221; _builder_version=&#8221;4.16&#8243; _module_preset=&#8221;default&#8221; title_text_color=&#8221;#00457A&#8221; locked=&#8221;off&#8221; global_colors_info=&#8221;{}&#8221;]<\/p>\n<p>Designed for the cows while providing an efficient protection of the milker crew and equipment.<\/p>\n<p>[\/et_pb_toggle][et_pb_toggle title=&#8221;AIR OPTION FOR OPERATOR EFFICIENCY&#8221; open=&#8221;on&#8221; open_toggle_text_color=&#8221;#00457A&#8221; _builder_version=&#8221;4.16&#8243; _module_preset=&#8221;default&#8221; title_text_color=&#8221;#00457A&#8221; locked=&#8221;off&#8221; global_colors_info=&#8221;{}&#8221;]<\/p>\n<p>The air option for the entrance and exit gates can be automated for increased operator efficiency.<\/p>\n<p>[\/et_pb_toggle][et_pb_toggle title=&#8221;AVAILABLE WITH RAPID EXIT&#8221; open=&#8221;on&#8221; open_toggle_text_color=&#8221;#00457A&#8221; _builder_version=&#8221;4.16&#8243; _module_preset=&#8221;default&#8221; title_text_color=&#8221;#00457A&#8221; locked=&#8221;off&#8221; global_colors_info=&#8221;{}&#8221;]<\/p>\n<p>For dairy farmers wishing to combine the user-friendliness of a herringbone system with the speed of a parallel rapid exit system, an exit reel can be integrated.<\/p>\n<p>[\/et_pb_toggle][et_pb_toggle title=&#8221;FEATURE-RICH AND CONFIGURABLE&#8221; open=&#8221;on&#8221; open_toggle_text_color=&#8221;#00457A&#8221; _builder_version=&#8221;4.16&#8243; _module_preset=&#8221;default&#8221; title_text_color=&#8221;#00457A&#8221; locked=&#8221;off&#8221; global_colors_info=&#8221;{}&#8221;]<\/p>\n<ul>\n<li>Many popular option packages, such as sinus curbing for optimal operator comfort and ultimate udder access.<\/li>\n<li>Configurable to meet your needs and your budget.<\/li>\n<li>Available with straight or sinus front rail or with feed troughs mounted on the front rail.<\/li>\n<\/ul>\n<p>[\/et_pb_toggle][dsm_icon_list _builder_version=&#8221;4.16&#8243; _module_preset=&#8221;default&#8221; locked=&#8221;off&#8221; global_colors_info=&#8221;{}&#8221;][dsm_icon_list_child text=&#8221;GOTO TOP&#8221; font_icon=&#8221;&#xe047;||divi||400&#8243; use_tooltip=&#8221;on&#8221; url=&#8221;#top&#8221; _builder_version=&#8221;4.16&#8243; _module_preset=&#8221;default&#8221; global_colors_info=&#8221;{}&#8221;]<\/p>\n<p>Go to the webinars list<\/p>\n<p>[\/dsm_icon_list_child][\/dsm_icon_list][\/et_pb_column][\/et_pb_row][et_pb_row _builder_version=&#8221;4.16&#8243; _module_preset=&#8221;default&#8221; locked=&#8221;off&#8221; global_colors_info=&#8221;{}&#8221;][et_pb_column type=&#8221;4_4&#8243; _builder_version=&#8221;4.16&#8243; _module_preset=&#8221;default&#8221; global_colors_info=&#8221;{}&#8221;][dsm_breadcrumbs show_home_icon=&#8221;off&#8221; _builder_version=&#8221;4.16&#8243; _module_preset=&#8221;default&#8221; global_colors_info=&#8221;{}&#8221;][\/dsm_breadcrumbs][\/et_pb_column][\/et_pb_row][\/et_pb_section]<\/p>\n","protected":false},"excerpt":{"rendered":"<p>The life of your dairy begins with milking cows gently, quickly and completely.\u00a0BOUMATIC HERRINGBONE\u00a0MILKING PARLOURS We work with you to get the best results on your farm.<div class=\"et_pb_module dsm_breadcrumbs dsm_breadcrumbs_0\">\n\t\t\t\t\n\t\t\t\t\n\t\t\t\t\n\t\t\t\t\n\t\t\t\t\n\t\t\t\t\n\t\t\t\t<div class=\"et_pb_module_inner\">\n\t\t\t\t\t<nav class=\"dsm_breadcrumbs_wrap\" role=\"navigation\" itemscope=\"\" itemtype=\"http:\/\/schema.org\/SiteNavigationElement\">\n\t\t\t\t<ul class=\"dsm_breadcrumbs\">\n\t\t\t<li class='dsm_breadcrumbs_item dsm_home_item dsm_home_item_custom'>\n\t\t\t\t<a href=\"https:\/\/www.zirveyiz.biz\/en\/\" itemprop=\"url\">\n\t\t\t\t\t<span class='dsm_home_text_wrapper'>\n\t\t\t\t\t\t\t\t\t\t\t\t\t<span class=\"dsm_home_text\" itemprop=\"name\">\n\t\t\t\t\t\t\t\tHome\t\t\t\t\t\t\t<\/span>\n\t\t\t\t\t<\/span>\n\t\t\t\t<\/a>\n\t\t\t<\/li>\n\n\t\t<li class=\"dsm_breadcrumbs_separator\"> <span class=\"et-pb-icon dsm_separator_icon\">5<\/span><\/li><br \/>\n<b>Warning<\/b>:  Attempt to read property \"term_id\" on null in <b>\/home\/azq12g61ccjr\/public_html\/wp-content\/plugins\/supreme-modules-pro-for-divi\/includes\/modules\/Breadcrumbs\/Breadcrumbs.php<\/b> on line <b>632<\/b><br \/>\n<\/ul>\n\t\t\t<\/nav>\n\t\t\t\t<\/div>\n\t\t\t<\/div>HERRINGBONE\u00a0 milking parlours<div class=\"et_pb_module dsm_star_rating dsm_star_rating_0  et_pb_bg_layout_light\">\n\t\t\t\t\n\t\t\t\t\n\t\t\t\t\n\t\t\t\t\n\t\t\t\t\n\t\t\t\t\n\t\t\t\t<div class=\"et_pb_module_inner\">\n\t\t\t\t\t<div class=\"dsm-star-rating-wrapper dsm-star-display-type-inline-block dsm-star-title-position-left\">\n\t\t\t<div class=\"dsm-star-rating\" itemtype=\"http:\/\/schema.org\/Rating\" title=\"10\/10\" itemscope=\"\" itemprop=\"reviewRating\"><i class=\"dsm-star-full\">\u2606<\/i><i class=\"dsm-star-full\">\u2606<\/i><i class=\"dsm-star-full\">\u2606<\/i><i class=\"dsm-star-full\">\u2606<\/i><i class=\"dsm-star-full\">\u2606<\/i><i class=\"dsm-star-full\">\u2606<\/i><i class=\"dsm-star-full\">\u2606<\/i><i class=\"dsm-star-full\">\u2606<\/i><i class=\"dsm-star-full\">\u2606<\/i><i class=\"dsm-star-full\">\u2606<\/i><\/div>\n\t\t\t<\/div>\n\t\t\t\t<\/div>\n\t\t\t<\/div>BouMatic can supply the most suitable, automated milking system for any milking [&hellip;]<\/p>\n","protected":false},"author":1,"featured_media":0,"parent":243654,"menu_order":0,"comment_status":"closed","ping_status":"closed","template":"","meta":{"_et_pb_use_builder":"on","_et_pb_old_content":"","_et_gb_content_width":"","footnotes":""},"amp_enabled":true,"_links":{"self":[{"href":"https:\/\/www.zirveyiz.biz\/en\/wp-json\/wp\/v2\/pages\/243874"}],"collection":[{"href":"https:\/\/www.zirveyiz.biz\/en\/wp-json\/wp\/v2\/pages"}],"about":[{"href":"https:\/\/www.zirveyiz.biz\/en\/wp-json\/wp\/v2\/types\/page"}],"author":[{"embeddable":true,"href":"https:\/\/www.zirveyiz.biz\/en\/wp-json\/wp\/v2\/users\/1"}],"replies":[{"embeddable":true,"href":"https:\/\/www.zirveyiz.biz\/en\/wp-json\/wp\/v2\/comments?post=243874"}],"version-history":[{"count":12,"href":"https:\/\/www.zirveyiz.biz\/en\/wp-json\/wp\/v2\/pages\/243874\/revisions"}],"predecessor-version":[{"id":245136,"href":"https:\/\/www.zirveyiz.biz\/en\/wp-json\/wp\/v2\/pages\/243874\/revisions\/245136"}],"up":[{"embeddable":true,"href":"https:\/\/www.zirveyiz.biz\/en\/wp-json\/wp\/v2\/pages\/243654"}],"wp:attachment":[{"href":"https:\/\/www.zirveyiz.biz\/en\/wp-json\/wp\/v2\/media?parent=243874"}],"curies":[{"name":"wp","href":"https:\/\/api.w.org\/{rel}","templated":true}]}}