{"id":244807,"date":"2023-06-21T06:46:37","date_gmt":"2023-06-21T06:46:37","guid":{"rendered":"https:\/\/www.zirveyiz.biz\/?page_id=244807"},"modified":"2023-06-21T06:52:17","modified_gmt":"2023-06-21T06:52:17","slug":"supercharge-your-crops-unleashing-the-power-of-ecocool-and-ecosyl-for-perfection","status":"publish","type":"page","link":"https:\/\/www.zirveyiz.biz\/en\/supercharge-your-crops-unleashing-the-power-of-ecocool-and-ecosyl-for-perfection\/","title":{"rendered":"Supercharge Your Crops : Unleashing the Power of Ecocool and Ecosyl for Perfection!"},"content":{"rendered":"<p>[et_pb_section fb_built=&#8221;1&#8243; theme_builder_area=&#8221;post_content&#8221; _builder_version=&#8221;4.20.4&#8243; _module_preset=&#8221;default&#8221; alt=&#8221;Sa\u011fl\u0131kl\u0131 silaj nas\u0131l elde edilir&#8221; title_text=&#8221;saglikli silaj nasil elde edilir&#8221; background_image=&#8221;https:\/\/www.zirveyiz.biz\/wp-content\/uploads\/2023\/06\/saglikli-silaj-nasil-elde-edilir.jpg&#8221; hover_enabled=&#8221;0&#8243; sticky_enabled=&#8221;0&#8243; custom_padding=&#8221;||628px||false|false&#8221; background_size=&#8221;initial&#8221; disabled_on=&#8221;on|on|off&#8221;][\/et_pb_section][et_pb_section fb_built=&#8221;1&#8243; admin_label=&#8221;Feature&#8221; _builder_version=&#8221;4.16&#8243; global_colors_info=&#8221;{}&#8221; theme_builder_area=&#8221;post_content&#8221;][et_pb_row _builder_version=&#8221;4.16&#8243; global_colors_info=&#8221;{}&#8221; column_structure=&#8221;1_2,1_2&#8243; theme_builder_area=&#8221;post_content&#8221; min_height=&#8221;715px&#8221;][et_pb_column type=&#8221;1_2&#8243; _builder_version=&#8221;4.16&#8243; custom_padding=&#8221;|||&#8221; global_colors_info=&#8221;{}&#8221; custom_padding__hover=&#8221;|||&#8221; theme_builder_area=&#8221;post_content&#8221;][et_pb_image src=&#8221;https:\/\/www.zirveyiz.biz\/wp-content\/uploads\/2023\/06\/silaj-temiz.jpg&#8221; force_fullwidth=&#8221;on&#8221; align_tablet=&#8221;center&#8221; align_last_edited=&#8221;on|desktop&#8221; _builder_version=&#8221;4.20.4&#8243; global_colors_info=&#8221;{}&#8221; theme_builder_area=&#8221;post_content&#8221; title_text=&#8221;temiz silaj&#8221; background_enable_image=&#8221;off&#8221; align_phone=&#8221;center&#8221;][\/et_pb_image][\/et_pb_column][et_pb_column type=&#8221;1_2&#8243; _builder_version=&#8221;4.16&#8243; custom_padding=&#8221;|||&#8221; global_colors_info=&#8221;{}&#8221; custom_padding__hover=&#8221;|||&#8221; theme_builder_area=&#8221;post_content&#8221;][et_pb_divider color=&#8221;#ffde7f&#8221; divider_weight=&#8221;100px&#8221; _builder_version=&#8221;4.16&#8243; z_index=&#8221;-10&#8243; max_width=&#8221;360px&#8221; height=&#8221;100px&#8221; custom_margin=&#8221;||-90px|-40px&#8221; locked=&#8221;off&#8221; global_colors_info=&#8221;{}&#8221; theme_builder_area=&#8221;post_content&#8221;][\/et_pb_divider][et_pb_text _builder_version=&#8221;4.20.4&#8243; text_font=&#8221;||||||||&#8221; text_font_size=&#8221;20px&#8221; text_line_height=&#8221;2em&#8221; header_font=&#8221;||||||||&#8221; header_2_font=&#8221;Lora|700|||||||&#8221; header_2_font_size=&#8221;50px&#8221; header_2_line_height=&#8221;1.2em&#8221; module_alignment=&#8221;left&#8221; hover_enabled=&#8221;0&#8243; text_font_size_tablet=&#8221;&#8221; text_font_size_phone=&#8221;16px&#8221; text_font_size_last_edited=&#8221;on|desktop&#8221; header_2_font_size_tablet=&#8221;&#8221; header_2_font_size_phone=&#8221;32px&#8221; header_2_font_size_last_edited=&#8221;on|desktop&#8221; locked=&#8221;off&#8221; global_colors_info=&#8221;{}&#8221; theme_builder_area=&#8221;post_content&#8221; sticky_enabled=&#8221;0&#8243;]<\/p>\n<h2><span>Have you ever wondered how farmers make sure their silage stay fresh and yummy for their farm animals?<\/span><\/h2>\n<p><span>Well, they have some amazing helpers called Ecocool and Ecosyl! These special products are like superheroes for the crops, keeping them healthy and delicious.<\/span><\/p>\n<p>[\/et_pb_text][\/et_pb_column][\/et_pb_row][\/et_pb_section][et_pb_section fb_built=&#8221;1&#8243; admin_label=&#8221;Feature&#8221; _builder_version=&#8221;4.16&#8243; background_size=&#8221;initial&#8221; background_position=&#8221;bottom_right&#8221; global_colors_info=&#8221;{}&#8221; theme_builder_area=&#8221;post_content&#8221;][et_pb_row use_custom_gutter=&#8221;on&#8221; make_equal=&#8221;on&#8221; _builder_version=&#8221;4.16&#8243; module_alignment=&#8221;center&#8221; custom_padding=&#8221;0px||0px||true&#8221; hover_enabled=&#8221;0&#8243; global_colors_info=&#8221;{}&#8221; column_structure=&#8221;1_2,1_2&#8243; theme_builder_area=&#8221;post_content&#8221; sticky_enabled=&#8221;0&#8243;][et_pb_column type=&#8221;1_2&#8243; _builder_version=&#8221;4.16&#8243; custom_padding=&#8221;|||&#8221; global_colors_info=&#8221;{}&#8221; custom_padding__hover=&#8221;|||&#8221; theme_builder_area=&#8221;post_content&#8221;][et_pb_divider color=&#8221;#c6e28b&#8221; divider_weight=&#8221;100px&#8221; _builder_version=&#8221;4.16&#8243; z_index=&#8221;1&#8243; max_width=&#8221;360px&#8221; height=&#8221;100px&#8221; custom_margin=&#8221;||-90px|-40px&#8221; locked=&#8221;off&#8221; global_colors_info=&#8221;{}&#8221; theme_builder_area=&#8221;post_content&#8221;][\/et_pb_divider][et_pb_text _builder_version=&#8221;4.20.4&#8243; text_font=&#8221;||||||||&#8221; text_font_size=&#8221;20px&#8221; text_line_height=&#8221;2em&#8221; header_font=&#8221;||||||||&#8221; header_2_font=&#8221;Lora|700|||||||&#8221; header_2_font_size=&#8221;50px&#8221; header_2_line_height=&#8221;1.2em&#8221; transform_scale_tablet=&#8221;&#8221; transform_scale_phone=&#8221;&#8221; transform_scale_last_edited=&#8221;on|desktop&#8221; transform_translate_tablet=&#8221;0px|0vw&#8221; transform_translate_phone=&#8221;&#8221; transform_translate_last_edited=&#8221;on|phone&#8221; transform_rotate_tablet=&#8221;&#8221; transform_rotate_phone=&#8221;&#8221; transform_rotate_last_edited=&#8221;on|desktop&#8221; transform_skew_tablet=&#8221;&#8221; transform_skew_phone=&#8221;&#8221; transform_skew_last_edited=&#8221;on|desktop&#8221; transform_origin_tablet=&#8221;&#8221; transform_origin_phone=&#8221;&#8221; transform_origin_last_edited=&#8221;on|desktop&#8221; z_index=&#8221;1&#8243; max_width=&#8221;520px&#8221; module_alignment=&#8221;left&#8221; hover_enabled=&#8221;0&#8243; text_font_size_tablet=&#8221;&#8221; text_font_size_phone=&#8221;16px&#8221; text_font_size_last_edited=&#8221;on|desktop&#8221; header_2_font_size_tablet=&#8221;&#8221; header_2_font_size_phone=&#8221;32px&#8221; header_2_font_size_last_edited=&#8221;on|desktop&#8221; locked=&#8221;off&#8221; global_colors_info=&#8221;{}&#8221; theme_builder_area=&#8221;post_content&#8221; sticky_enabled=&#8221;0&#8243; custom_padding=&#8221;||10px|||&#8221;]<\/p>\n<h2><span>It&#8217;s like a magic potion for the plants, especially those called forage-based crops. <\/span><\/h2>\n<p>[\/et_pb_text][\/et_pb_column][et_pb_column type=&#8221;1_2&#8243; _builder_version=&#8221;4.16&#8243; custom_padding=&#8221;|||&#8221; global_colors_info=&#8221;{}&#8221; custom_padding__hover=&#8221;|||&#8221; theme_builder_area=&#8221;post_content&#8221;][et_pb_image src=&#8221;https:\/\/www.zirveyiz.biz\/wp-content\/uploads\/2021\/01\/ecocool-7.jpg&#8221; align_tablet=&#8221;center&#8221; align_last_edited=&#8221;on|desktop&#8221; _builder_version=&#8221;4.20.4&#8243; custom_margin=&#8221;-8vw|-10vw||&#8221; custom_margin_tablet=&#8221;0vw|0vw||&#8221; custom_margin_phone=&#8221;&#8221; custom_margin_last_edited=&#8221;on|tablet&#8221; hover_enabled=&#8221;0&#8243; locked=&#8221;off&#8221; global_colors_info=&#8221;{}&#8221; theme_builder_area=&#8221;post_content&#8221; sticky_enabled=&#8221;0&#8243; title_text=&#8221;EcoSyl Ecocool 1&#8243; background_enable_image=&#8221;off&#8221; align_phone=&#8221;center&#8221;][\/et_pb_image][\/et_pb_column][\/et_pb_row][et_pb_row _builder_version=&#8221;4.20.4&#8243; _module_preset=&#8221;default&#8221; theme_builder_area=&#8221;post_content&#8221;][et_pb_column _builder_version=&#8221;4.20.4&#8243; _module_preset=&#8221;default&#8221; type=&#8221;4_4&#8243; theme_builder_area=&#8221;post_content&#8221;][et_pb_text _builder_version=&#8221;4.20.4&#8243; _module_preset=&#8221;default&#8221; theme_builder_area=&#8221;post_content&#8221; sticky_enabled=&#8221;0&#8243; text_font=&#8221;||||||||&#8221; text_font_size=&#8221;20px&#8221; text_font_size_phone=&#8221;16px&#8221; text_font_size_last_edited=&#8221;on|desktop&#8221; text_line_height=&#8221;2em&#8221; header_font=&#8221;||||||||&#8221; header_2_font=&#8221;Lora|700|||||||&#8221; header_2_font_size=&#8221;50px&#8221; header_2_font_size_phone=&#8221;32px&#8221; header_2_font_size_last_edited=&#8221;on|desktop&#8221; header_2_line_height=&#8221;1.2em&#8221; z_index=&#8221;1&#8243; module_alignment=&#8221;left&#8221; hover_enabled=&#8221;0&#8243; text_font_size_tablet=&#8221;20px&#8221; header_2_font_size_tablet=&#8221;50px&#8221;]<\/p>\n<p><span>These crops are like tasty snacks for farm animals. But sometimes, when the crops are stored, they can become too warm and start to spoil. That&#8217;s where Ecocool comes to the rescue! It has two special bacteria, Lactobacillus plantarum strain MTD\/1 and Lactobacillus buchneri strain PJB\/1, which work together to make sure the crops stay fresh and don&#8217;t go bad too quickly.<\/span><\/p>\n<p>[\/et_pb_text][\/et_pb_column][\/et_pb_row][\/et_pb_section][et_pb_section fb_built=&#8221;1&#8243; admin_label=&#8221;Contact Info&#8221; _builder_version=&#8221;4.16&#8243; locked=&#8221;off&#8221; global_colors_info=&#8221;{}&#8221; theme_builder_area=&#8221;post_content&#8221;][et_pb_row use_custom_gutter=&#8221;on&#8221; make_equal=&#8221;on&#8221; _builder_version=&#8221;4.16&#8243; locked=&#8221;off&#8221; global_colors_info=&#8221;{}&#8221; theme_builder_area=&#8221;post_content&#8221;][et_pb_column type=&#8221;4_4&#8243; _builder_version=&#8221;4.16&#8243; custom_padding=&#8221;|||&#8221; global_colors_info=&#8221;{}&#8221; custom_padding__hover=&#8221;|||&#8221; theme_builder_area=&#8221;post_content&#8221;][et_pb_divider color=&#8221;#c6e28b&#8221; divider_weight=&#8221;40px&#8221; _builder_version=&#8221;4.16&#8243; z_index=&#8221;-10&#8243; max_width=&#8221;360px&#8221; module_alignment=&#8221;center&#8221; height=&#8221;40px&#8221; custom_margin=&#8221;||-34px|-40px&#8221; global_colors_info=&#8221;{}&#8221; theme_builder_area=&#8221;post_content&#8221;][\/et_pb_divider][et_pb_text _builder_version=&#8221;4.20.4&#8243; text_font=&#8221;||||||||&#8221; text_font_size=&#8221;20px&#8221; text_line_height=&#8221;2em&#8221; header_font=&#8221;||||||||&#8221; header_2_font=&#8221;Lora|700|||||||&#8221; header_2_font_size=&#8221;60px&#8221; header_2_line_height=&#8221;1.2em&#8221; text_orientation=&#8221;center&#8221; module_alignment=&#8221;center&#8221; hover_enabled=&#8221;0&#8243; text_font_size_tablet=&#8221;&#8221; text_font_size_phone=&#8221;16px&#8221; text_font_size_last_edited=&#8221;on|desktop&#8221; header_2_font_size_tablet=&#8221;48px&#8221; header_2_font_size_phone=&#8221;32px&#8221; header_2_font_size_last_edited=&#8221;on|tablet&#8221; global_colors_info=&#8221;{}&#8221; theme_builder_area=&#8221;post_content&#8221; sticky_enabled=&#8221;0&#8243;]<\/p>\n<h2><span>Now, let&#8217;s talk about Ecosyl! This superhero is a bit different. It helps grain-based crops, like high moisture corn, earlage, and snaplage, stay in tip-top shape.<\/p>\n<p><\/span><\/h2>\n<p><strong>Just like humans, plants need to breathe, even when they&#8217;re harvested.<\/strong> Sometimes, when the crops are stored, they can use up all the oxygen and get too stuffy. <strong>But Ecosyl is here to save the day!<\/strong><\/p>\n<p>It also has those special bacteria, <em>Lactobacillus plantarum strain MTD\/1 and Lactobacillus buchneri strain PJB\/1<\/em>, which help the crops <strong>stay fresh and healthy<\/strong> even without much oxygen.<\/p>\n<p><strong>So why do farmers use Ecocool and Ecosyl?<\/strong><\/p>\n<p>Well, farmers want to make sure their animals have the best food to eat. If the crops get spoiled, it can make the animals sick and unhappy. <strong>Ecocool and Ecosyl help keep the crops fresh, so the animals get delicious and nutritious food. <\/strong>Plus, when the crops stay fresh, farmers can save more of them for later, so they don&#8217;t go to waste!<\/p>\n<p>There are so many cool things about Ecocool and Ecosyl. <em>They make sure the crops don&#8217;t get too warm, so they don&#8217;t spoil.<\/em> They also help the crops ferment faster, which is like a special process that makes them even yummier for the animals. These superhero products even help preserve important nutrients in the crops, like protein, so the animals can grow big and strong.<\/p>\n<p>Now, you might be wondering how farmers use Ecocool and Ecosyl. Well, it&#8217;s pretty simple. The farmers just add these products to their crops when they&#8217;re storing them. It&#8217;s like sprinkling magic dust on the crops to keep them fresh! The bacteria in Ecocool and Ecosyl get to work, making sure the crops stay healthy and delicious.<\/p>\n<p>So, next time you see a farmer working hard on their fields, remember that they have some amazing helpers, Ecocool and Ecosyl, keeping their crops fresh and their animals happy. It&#8217;s a superhero team-up between science and farming, making the world a better place for everyone. Happy farming! \ud83c\udf3e\ud83d\ude9c\ud83c\udf31<\/p>\n<p>[\/et_pb_text][\/et_pb_column][\/et_pb_row][\/et_pb_section][et_pb_section fb_built=&#8221;1&#8243; fullwidth=&#8221;on&#8221; _builder_version=&#8221;4.16&#8243; hover_enabled=&#8221;0&#8243; global_colors_info=&#8221;{}&#8221; theme_builder_area=&#8221;post_content&#8221; sticky_enabled=&#8221;0&#8243;][et_pb_fullwidth_image src=&#8221;https:\/\/www.zirveyiz.biz\/wp-content\/uploads\/2023\/06\/green-field-footer-3.png&#8221; _builder_version=&#8221;4.20.4&#8243; hover_enabled=&#8221;0&#8243; global_colors_info=&#8221;{}&#8221; theme_builder_area=&#8221;post_content&#8221; title_text=&#8221;green field&#8221; sticky_enabled=&#8221;0&#8243;][\/et_pb_fullwidth_image][\/et_pb_section]<\/p>\n","protected":false},"excerpt":{"rendered":"<p>Unleash the power of Ecocool and Ecosyl, the ultimate crop heroes! Ecocool protects forage-based crops, while Ecosyl guards grain-based crops. With their potent bacterial strains, these dynamic duos enhance fermentation, preserve nutrients, and ward off spoilage. Say goodbye to waste and hello to superior crop quality! These incredible products reduce heating, minimize dry matter losses, and extend storage periods. Livestock enjoy nutritious feed, while farmers maximize their harvest yield. Ecocool and Ecosyl lower the risk of mycotoxins, ensuring animal health and well-being. Easy to use, simply apply them during storage. These crop champions revolutionize farming, delivering fresh, nutrient-rich silage and grain. Experience the farming revolution with Ecocool and Ecosyl. Unleash their power and elevate your crops to new heights of excellence!<\/p>\n","protected":false},"author":7,"featured_media":244811,"parent":0,"menu_order":0,"comment_status":"closed","ping_status":"closed","template":"","meta":{"_et_pb_use_builder":"on","_et_pb_old_content":"","_et_gb_content_width":"","footnotes":""},"amp_enabled":true,"_links":{"self":[{"href":"https:\/\/www.zirveyiz.biz\/en\/wp-json\/wp\/v2\/pages\/244807"}],"collection":[{"href":"https:\/\/www.zirveyiz.biz\/en\/wp-json\/wp\/v2\/pages"}],"about":[{"href":"https:\/\/www.zirveyiz.biz\/en\/wp-json\/wp\/v2\/types\/page"}],"author":[{"embeddable":true,"href":"https:\/\/www.zirveyiz.biz\/en\/wp-json\/wp\/v2\/users\/7"}],"replies":[{"embeddable":true,"href":"https:\/\/www.zirveyiz.biz\/en\/wp-json\/wp\/v2\/comments?post=244807"}],"version-history":[{"count":4,"href":"https:\/\/www.zirveyiz.biz\/en\/wp-json\/wp\/v2\/pages\/244807\/revisions"}],"predecessor-version":[{"id":244857,"href":"https:\/\/www.zirveyiz.biz\/en\/wp-json\/wp\/v2\/pages\/244807\/revisions\/244857"}],"wp:featuredmedia":[{"embeddable":true,"href":"https:\/\/www.zirveyiz.biz\/en\/wp-json\/wp\/v2\/media\/244811"}],"wp:attachment":[{"href":"https:\/\/www.zirveyiz.biz\/en\/wp-json\/wp\/v2\/media?parent=244807"}],"curies":[{"name":"wp","href":"https:\/\/api.w.org\/{rel}","templated":true}]}}