{"id":1543,"date":"2018-09-27T11:06:18","date_gmt":"2018-09-27T11:06:18","guid":{"rendered":"http:\/\/localhost\/~ok\/wordpress\/index.php\/product\/anneanne-smith\/"},"modified":"2018-09-27T11:06:18","modified_gmt":"2018-09-27T11:06:18","slug":"anneanne-smith","status":"publish","type":"product","link":"https:\/\/www.zirveyiz.biz\/en\/product\/anneanne-smith\/","title":{"rendered":"Anneanne Smith"},"content":{"rendered":"<p>Bu meyveye y\u00f6nelik patent, Antalya Bat\u0131 Akdeniz Denetim Enstit\u00fcs\u00fc arac\u0131l\u0131\u011f\u0131yla al\u0131nm\u0131\u015ft\u0131r. T\u00fcrk meyve ihracat\u0131nda en yayg\u0131n \u00e7e\u015fittir. Ten rengi k\u0131rm\u0131z\u0131d\u0131r. Tohum taneleri koyu k\u0131rm\u0131z\u0131d\u0131r. Tad\u0131 tatl\u0131d\u0131r. Tohum sertli\u011fi orta, depolama i\u00e7in \u00e7ok uygundur (6 aya kadar). Meyve \u00e7ap\u0131 65-95 mm, a\u011f\u0131rl\u0131\u011f\u0131 150-400 g aras\u0131ndad\u0131r. Sap% 48,91&#8217;dir.<\/p>\n","protected":false},"excerpt":{"rendered":"<p>Bu meyveye y\u00f6nelik patent, Antalya Bat\u0131 Akdeniz Denetim Enstit\u00fcs\u00fc arac\u0131l\u0131\u011f\u0131yla al\u0131nm\u0131\u015ft\u0131r. T\u00fcrk meyve ihracat\u0131nda en yayg\u0131n \u00e7e\u015fittir. Ten rengi k\u0131rm\u0131z\u0131d\u0131r. Tohum taneleri koyu k\u0131rm\u0131z\u0131d\u0131r. Tad\u0131 tatl\u0131d\u0131r. Tohum sertli\u011fi orta, depolama i\u00e7in \u00e7ok uygundur (6 aya kadar). Meyve \u00e7ap\u0131 65-95 mm, a\u011f\u0131rl\u0131\u011f\u0131 150-400 g aras\u0131ndad\u0131r. Sap% 48,91&#8217;dir.<\/p>\n","protected":false},"featured_media":1544,"comment_status":"open","ping_status":"closed","template":"","meta":{"_et_pb_use_builder":"","_et_pb_old_content":"","_et_gb_content_width":""},"product_cat":[61],"product_tag":[],"_links":{"self":[{"href":"https:\/\/www.zirveyiz.biz\/en\/wp-json\/wp\/v2\/product\/1543"}],"collection":[{"href":"https:\/\/www.zirveyiz.biz\/en\/wp-json\/wp\/v2\/product"}],"about":[{"href":"https:\/\/www.zirveyiz.biz\/en\/wp-json\/wp\/v2\/types\/product"}],"replies":[{"embeddable":true,"href":"https:\/\/www.zirveyiz.biz\/en\/wp-json\/wp\/v2\/comments?post=1543"}],"wp:featuredmedia":[{"embeddable":true,"href":"https:\/\/www.zirveyiz.biz\/en\/wp-json\/wp\/v2\/media\/1544"}],"wp:attachment":[{"href":"https:\/\/www.zirveyiz.biz\/en\/wp-json\/wp\/v2\/media?parent=1543"}],"wp:term":[{"taxonomy":"product_cat","embeddable":true,"href":"https:\/\/www.zirveyiz.biz\/en\/wp-json\/wp\/v2\/product_cat?post=1543"},{"taxonomy":"product_tag","embeddable":true,"href":"https:\/\/www.zirveyiz.biz\/en\/wp-json\/wp\/v2\/product_tag?post=1543"}],"curies":[{"name":"wp","href":"https:\/\/api.w.org\/{rel}","templated":true}]}}