{"id":1549,"date":"2018-10-26T06:48:48","date_gmt":"2018-10-26T06:48:48","guid":{"rendered":"http:\/\/localhost\/~ok\/wordpress\/index.php\/product\/deveci-armut-2\/"},"modified":"2018-10-26T06:48:48","modified_gmt":"2018-10-26T06:48:48","slug":"deveci-armut-2","status":"publish","type":"product","link":"https:\/\/www.zirveyiz.biz\/en\/product\/deveci-armut-2\/","title":{"rendered":"Deveci Armut"},"content":{"rendered":"<p>S\u00f6zle\u015fmeli \u00fcreticilerimiz taraf\u0131ndan \u00fcretilen akranlar\u0131m\u0131z, firmam\u0131z\u0131n tar\u0131m ve g\u0131da m\u00fchendislerinin kalite kontrollerine tabi tutulduktan sonra ve sa\u011fl\u0131k testlerine tabi tutulduktan sonra t\u00fcketiciye sunulmaktad\u0131r.<\/p>\n","protected":false},"excerpt":{"rendered":"<p>S\u00f6zle\u015fmeli \u00fcreticilerimiz taraf\u0131ndan \u00fcretilen akranlar\u0131m\u0131z, firmam\u0131z\u0131n tar\u0131m ve g\u0131da m\u00fchendislerinin kalite kontrollerine tabi tutulduktan sonra ve sa\u011fl\u0131k testlerine tabi tutulduktan sonra t\u00fcketiciye sunulmaktad\u0131r.<\/p>\n","protected":false},"featured_media":1550,"comment_status":"open","ping_status":"closed","template":"","meta":{"_et_pb_use_builder":"","_et_pb_old_content":"","_et_gb_content_width":""},"product_cat":[63],"product_tag":[],"_links":{"self":[{"href":"https:\/\/www.zirveyiz.biz\/en\/wp-json\/wp\/v2\/product\/1549"}],"collection":[{"href":"https:\/\/www.zirveyiz.biz\/en\/wp-json\/wp\/v2\/product"}],"about":[{"href":"https:\/\/www.zirveyiz.biz\/en\/wp-json\/wp\/v2\/types\/product"}],"replies":[{"embeddable":true,"href":"https:\/\/www.zirveyiz.biz\/en\/wp-json\/wp\/v2\/comments?post=1549"}],"wp:featuredmedia":[{"embeddable":true,"href":"https:\/\/www.zirveyiz.biz\/en\/wp-json\/wp\/v2\/media\/1550"}],"wp:attachment":[{"href":"https:\/\/www.zirveyiz.biz\/en\/wp-json\/wp\/v2\/media?parent=1549"}],"wp:term":[{"taxonomy":"product_cat","embeddable":true,"href":"https:\/\/www.zirveyiz.biz\/en\/wp-json\/wp\/v2\/product_cat?post=1549"},{"taxonomy":"product_tag","embeddable":true,"href":"https:\/\/www.zirveyiz.biz\/en\/wp-json\/wp\/v2\/product_tag?post=1549"}],"curies":[{"name":"wp","href":"https:\/\/api.w.org\/{rel}","templated":true}]}}